{"id":2806,"date":"2024-12-13T10:30:40","date_gmt":"2024-12-13T10:30:40","guid":{"rendered":"https:\/\/aplio-wp.pixels71.com\/?page_id=2806"},"modified":"2025-07-28T13:01:48","modified_gmt":"2025-07-28T13:01:48","slug":"privacy-policy-2","status":"publish","type":"page","link":"https:\/\/ruliz.fr\/index.php\/privacy-policy-2\/","title":{"rendered":"Politique de confidentialit\u00e9"},"content":{"rendered":"\t\t<div data-elementor-type=\"wp-page\" data-elementor-id=\"2806\" class=\"elementor elementor-2806\" data-elementor-post-type=\"page\">\n\t\t\t\t<div class=\"elementor-element elementor-element-fd5f992 e-flex e-con-boxed e-con e-parent\" data-id=\"fd5f992\" data-element_type=\"container\">\n\t\t\t\t\t<div class=\"e-con-inner\">\n\t\t\t\t<div class=\"elementor-element elementor-element-a15c3c2 rtl-text-align-right elementor-widget elementor-widget-heading\" data-id=\"a15c3c2\" data-element_type=\"widget\" data-widget_type=\"heading.default\">\n\t\t\t\t\t<h2 class=\"elementor-heading-title elementor-size-default\">Politique de confidentialit\u00e9<\/h2>\t\t\t\t<\/div>\n\t\t\t\t<div class=\"elementor-element elementor-element-519f344 elementor-widget elementor-widget-text-editor\" data-id=\"519f344\" data-element_type=\"widget\" data-widget_type=\"text-editor.default\">\n\t\t\t\t\t\t\t\t\t<p>Ces termes et conditions d\u00e9crivent les r\u00e8gles et r\u00e9glementations relatives \u00e0 l&rsquo;utilisation du site Web de Ruliz, situ\u00e9 \u00e0 l&rsquo;adresse https:\/\/ruliz.fr. En acc\u00e9dant \u00e0 ce site, nous supposons que vous acceptez ces termes et conditions. Ne continuez pas \u00e0 utiliser ruliz.fr si vous n&rsquo;acceptez pas tous les termes et conditions \u00e9nonc\u00e9s sur cette page.<\/p><h2>\u00a0<\/h2><h2><strong><u>1. Terminologie<\/u><\/strong><\/h2><p>La terminologie suivante s&rsquo;applique aux pr\u00e9sentes Conditions g\u00e9n\u00e9rales, \u00e0 la D\u00e9claration de confidentialit\u00e9 et \u00e0 l&rsquo;Avis de non-responsabilit\u00e9 ainsi qu&rsquo;\u00e0 tous les accords : \u00ab Client \u00bb, \u00ab Vous \u00bb et \u00ab Votre \u00bb font r\u00e9f\u00e9rence \u00e0 vous, la personne qui se connecte sur ce site Web et qui se conforme aux conditions g\u00e9n\u00e9rales de la Soci\u00e9t\u00e9. \u00ab La Soci\u00e9t\u00e9 \u00bb, \u00ab Nous-m\u00eames \u00bb, \u00ab Nous \u00bb, \u00ab Notre \u00bb et \u00ab Nos \u00bb font r\u00e9f\u00e9rence \u00e0 notre Soci\u00e9t\u00e9. \u00ab Partie \u00bb, \u00ab Parties \u00bb ou \u00ab Nous \u00bb font r\u00e9f\u00e9rence \u00e0 la fois au Client et \u00e0 nous-m\u00eames. Tous les termes font r\u00e9f\u00e9rence \u00e0 l&rsquo;offre, \u00e0 l&rsquo;acceptation et \u00e0 la prise en compte du paiement n\u00e9cessaire pour entreprendre le processus de notre assistance au Client de la mani\u00e8re la plus appropri\u00e9e dans le but expr\u00e8s de r\u00e9pondre aux besoins du Client en ce qui concerne la fourniture des services indiqu\u00e9s par la Soci\u00e9t\u00e9, conform\u00e9ment et sous r\u00e9serve de la loi en vigueur dans notre pays. Toute utilisation de la terminologie ci-dessus ou d&rsquo;autres mots au singulier, au pluriel, en majuscules et\/ou il\/elle ou ils, sont consid\u00e9r\u00e9s comme interchangeables et donc comme faisant r\u00e9f\u00e9rence \u00e0 la m\u00eame chose.<\/p><h2>\u00a0<\/h2><h2><u>2. Collecte des donn\u00e9es Personnelles<\/u><\/h2><p><strong>Nous collectons les donn\u00e9es personnelles suivantes lorsque vous utilisez notre site web et nos services : adresses e-mail, nom, pr\u00e9nom, adresse postale, num\u00e9ro de t\u00e9l\u00e9phone et adresse IP Nous collectons votre adresse e-mail pour la gestion de votre compte, l\u2019envoi de communications relatives \u00e0 nos services, et toute demande de support Nous collectons votre nom, pr\u00e9nom, adresse postale et num\u00e9ro de t\u00e9l\u00e9phone dans le cadre de la gestion de votre compte et pour la fourniture de nos services<\/strong><\/p><p><strong>1) Utilisation des Donn\u00e9es Personnelles<\/strong><\/p><p><strong>Les donn\u00e9es personnelles collect\u00e9es sont utilis\u00e9es pour g\u00e9rer et optimiser l\u2019acc\u00e8s aux services et fonctionnalit\u00e9s de notre site, vous envoyer des informations et mises \u00e0 jour relatives \u00e0 votre compte ou nos services, assurer la s\u00e9curit\u00e9 et la protection de nos syst\u00e8mes et analyser l\u2019utilisation du site pour am\u00e9liorer la qualit\u00e9 de nos services<\/strong><\/p><p><strong>2) Partage des Donn\u00e9es Personnelles<\/strong><\/p><p><strong>Nous ne vendons ni ne louons vos donn\u00e9es personnelles \u00e0 des tiers Toutefois, nous pouvons partager certaines donn\u00e9es personnelles avec des prestataires de services tiers qui nous aident \u00e0 fournir nos services, \u00e0 condition que ceux-ci respectent des standards de confidentialit\u00e9 et de s\u00e9curit\u00e9 similaires \u00e0 ceux d\u00e9crits dans cette politique<\/strong><\/p><p><strong>3) S\u00e9curit\u00e9 des Donn\u00e9es Personnelles<\/strong><\/p><p><strong>Nous mettons en \u0153uvre des mesures de s\u00e9curit\u00e9 techniques et organisationnelles pour prot\u00e9ger vos donn\u00e9es personnelles contre toute perte, utilisation abusive, acc\u00e8s non autoris\u00e9 ou divulgation Cependant, il est important de noter qu&rsquo;aucune m\u00e9thode de transmission ou de stockage de donn\u00e9es n&rsquo;est totalement s\u00fbre<\/strong><\/p><p><strong>4) Vos Droits<\/strong><\/p><p><strong>Conform\u00e9ment \u00e0 la r\u00e9glementation applicable, vous disposez des droits suivants concernant vos donn\u00e9es personnelles : acc\u00e8s, vous pouvez demander une copie des donn\u00e9es personnelles que nous d\u00e9tenons \u00e0 votre sujet, modification, vous pouvez demander la correction ou la mise \u00e0 jour de vos donn\u00e9es personnelles, suppression, vous pouvez demander la suppression de vos donn\u00e9es personnelles, sous r\u00e9serve des obligations l\u00e9gales de conservation, opposition, vous pouvez vous opposer \u00e0 tout moment \u00e0 l&rsquo;utilisation de vos donn\u00e9es personnelles \u00e0 des fins de communication commerciale<\/strong><\/p><p><strong>Pour exercer ces droits, veuillez nous contacter \u00e0 l&rsquo;adresse suivante : contact@ruliz.fr ou au num\u00e9ro suivant :\u00a0<\/strong><strong>06 51 11 79 51<\/strong><\/p><h2>\u00a0<\/h2><h2><strong><u>3. Licence<\/u><\/strong><\/h2><p>Sauf mention contraire, Ruliz et\/ou ses conc\u00e9dants de licence d\u00e9tiennent les droits de propri\u00e9t\u00e9 intellectuelle sur tout le contenu de ruliz.fr. Tous les droits de propri\u00e9t\u00e9 intellectuelle sont r\u00e9serv\u00e9s. Vous pouvez y acc\u00e9der \u00e0 partir de ruliz.fr pour votre usage personnel sous r\u00e9serve des restrictions d\u00e9finies dans les pr\u00e9sentes conditions g\u00e9n\u00e9rales.<\/p><p>Vous ne devez pas :<\/p><p>R\u00e9\u00e9diter le contenu de ruliz.fr<\/p><p>Vendre, louer ou sous-licencier du mat\u00e9riel provenant de ruliz.fr<\/p><p>Reproduire, dupliquer ou copier du mat\u00e9riel provenant de ruliz.fr<\/p><p>Redistribuer le contenu de ruliz.fr<\/p><p>Le pr\u00e9sent accord entrera en vigueur \u00e0 la date des pr\u00e9sentes.<\/p><p>\u00a0<\/p><h2><strong><u>4. Utilisation des commentaires<\/u><\/strong><\/h2><p>Certaines parties de ce site Web offrent aux utilisateurs la possibilit\u00e9 de publier et d&rsquo;\u00e9changer des opinions et des informations dans certaines zones du site Web. Ruliz ne filtre pas, n&rsquo;\u00e9dite pas, ne publie pas et ne r\u00e9vise pas les commentaires avant leur pr\u00e9sence sur le site Web. Les commentaires ne refl\u00e8tent pas les points de vue et les opinions de Ruliz, de ses agents et\/ou de ses affili\u00e9s. Les commentaires refl\u00e8tent les points de vue et les opinions de la personne qui publie ses points de vue et ses opinions. Dans la mesure permise par les lois applicables, Ruliz ne sera pas responsable des commentaires ou de toute responsabilit\u00e9, dommages ou d\u00e9penses caus\u00e9s et\/ou subis \u00e0 la suite de toute utilisation et\/ou publication et\/ou apparition des commentaires sur ce site Web.<\/p><p>Ruliz se r\u00e9serve le droit de surveiller tous les commentaires et de supprimer tout commentaire qui peut \u00eatre consid\u00e9r\u00e9 comme inappropri\u00e9, offensant ou entra\u00eenant une violation des pr\u00e9sentes conditions g\u00e9n\u00e9rales.<\/p><p>Vous garantissez et d\u00e9clarez que :<\/p><p>Vous avez le droit de publier des commentaires sur notre site Web et disposez de toutes les licences et consentements n\u00e9cessaires pour le faire ;<\/p><p>Les commentaires n&rsquo;enfreignent aucun droit de propri\u00e9t\u00e9 intellectuelle, y compris, sans limitation, le droit d&rsquo;auteur, le brevet ou la marque d\u00e9pos\u00e9e de tout tiers ;<\/p><p>Les commentaires ne contiennent aucun contenu diffamatoire, calomnieux, offensant, ind\u00e9cent ou autrement ill\u00e9gal qui constitue une atteinte \u00e0 la vie priv\u00e9e ;<\/p><p>Les commentaires ne seront pas utilis\u00e9s pour solliciter ou promouvoir des affaires ou des coutumes, ni pour pr\u00e9senter des activit\u00e9s commerciales ou des activit\u00e9s ill\u00e9gales.<\/p><p>Vous accordez par la pr\u00e9sente \u00e0 Ruliz une licence non exclusive pour utiliser, reproduire, \u00e9diter et autoriser des tiers \u00e0 utiliser, reproduire et \u00e9diter n&rsquo;importe lequel de vos commentaires sous toutes les formes, formats ou supports.<\/p><h2>\u00a0<\/h2><h2><strong><u>5. Hyperliens vers notre contenu<\/u><\/strong><\/h2><p>Les organisations suivantes peuvent cr\u00e9er un lien vers notre site Web sans autorisation \u00e9crite pr\u00e9alable :<\/p><p>Organismes gouvernementaux ;<\/p><p>Moteurs de recherche ;<\/p><p>Organismes de presse ;<\/p><p>Les distributeurs d&rsquo;annuaires en ligne peuvent cr\u00e9er un lien vers notre site Web de la m\u00eame mani\u00e8re qu&rsquo;ils cr\u00e9ent un lien hypertexte vers les sites Web d&rsquo;autres entreprises r\u00e9pertori\u00e9es ;<\/p><p>Entreprises accr\u00e9dit\u00e9es \u00e0 l&rsquo;\u00e9chelle du syst\u00e8me, \u00e0 l&rsquo;exception des organisations \u00e0 but non lucratif, des centres commerciaux caritatifs et des groupes de collecte de fonds caritatifs qui ne peuvent pas cr\u00e9er de lien hypertexte vers notre site Web.<\/p><p>Ces organisations peuvent cr\u00e9er des liens vers notre page d&rsquo;accueil, vers des publications ou vers d&rsquo;autres informations du site Web \u00e0 condition que le lien :<\/p><p>(a) ne soit en aucun cas trompeur ;<\/p><p>(b) n&rsquo;implique pas faussement un parrainage, une approbation ou une approbation de la partie qui \u00e9tablit le lien et de ses produits et\/ou services ;<\/p><p>(c) s&rsquo;inscrive dans le contexte du site de la partie qui \u00e9tablit le lien.<\/p><p>Nous pouvons consid\u00e9rer et approuver d&rsquo;autres demandes de liens provenant des types d&rsquo;organisations suivants :<\/p><p>Sources d&rsquo;informations sur les consommateurs et\/ou les entreprises commun\u00e9ment connues ;<\/p><p>Sites communautaires dot.news ;<\/p><p>Associations ou autres groupes repr\u00e9sentant des \u0153uvres caritatives ;<\/p><p>Distributeurs d&rsquo;annuaires en ligne ;<\/p><p>Portails Internet ;<\/p><p>Cabinets d&rsquo;expertise comptable, d&rsquo;avocats et de conseil ;<\/p><p>\u00c9tablissements d&rsquo;enseignement et associations professionnelles.<\/p><p>Nous approuverons les demandes de liens de ces organisations si nous d\u00e9cidons que :<\/p><p>(a) le lien ne nous ferait pas para\u00eetre d\u00e9favorable \u00e0 nous-m\u00eames ou \u00e0 nos entreprises accr\u00e9dit\u00e9es ;<\/p><p>(b) l&rsquo;organisation n&rsquo;a aucun dossier n\u00e9gatif avec nous ;<\/p><p>(c) l&rsquo;avantage pour nous de la visibilit\u00e9 du lien hypertexte compense l&rsquo;absence de Ruliz ;<\/p><p>(d) le lien s&rsquo;inscrit dans le contexte d&rsquo;informations g\u00e9n\u00e9rales sur les ressources.<\/p><h2>\u00a0<\/h2><h2><strong><u>6. iFrames<\/u><\/strong><\/h2><p>Sans autorisation pr\u00e9alable et permission \u00e9crite, vous ne pouvez pas cr\u00e9er de cadres autour de nos pages Web qui modifient de quelque mani\u00e8re que ce soit la pr\u00e9sentation visuelle ou l&rsquo;apparence de notre site Web.<\/p><h2>\u00a0<\/h2><h2><strong><u>7. Responsabilit\u00e9 du contenu<\/u><\/strong><\/h2><p>Nous ne pouvons \u00eatre tenus responsables du contenu qui appara\u00eet sur votre site Web. Vous acceptez de nous prot\u00e9ger et de nous d\u00e9fendre contre toutes les r\u00e9clamations qui pourraient survenir sur votre site Web. Aucun lien ne doit appara\u00eetre sur un site Web qui pourrait \u00eatre interpr\u00e9t\u00e9 comme diffamatoire, obsc\u00e8ne ou criminel, ou qui enfreint, viole ou pr\u00e9conise la violation ou toute autre violation des droits d&rsquo;un tiers.<\/p><h2>\u00a0<\/h2><h2><strong><u>8. R\u00e9serve de droits<\/u><\/strong><\/h2><p>Nous nous r\u00e9servons le droit de vous demander de supprimer tous les liens ou tout lien particulier vers notre site Web. Vous acceptez de supprimer imm\u00e9diatement tous les liens vers notre site Web sur demande. Nous nous r\u00e9servons \u00e9galement le droit de modifier ces termes et conditions et sa politique de liens \u00e0 tout moment. En cr\u00e9ant en permanence un lien vers notre site Web, vous acceptez d&rsquo;\u00eatre li\u00e9 et de suivre ces termes et conditions de liens.<\/p><h2>\u00a0<\/h2><h2><strong><u>9. Suppression des liens de notre site Web<\/u><\/strong><\/h2><p>Si vous trouvez sur notre site Internet un lien offensant pour une raison quelconque, vous \u00eates libre de nous contacter et de nous en informer \u00e0 tout moment. Nous \u00e9tudierons les demandes de suppression de liens, mais nous ne sommes pas oblig\u00e9s de le faire ou de vous r\u00e9pondre directement.<\/p><h2>\u00a0<\/h2><h2><strong><u>10. Clause de non-responsabilit\u00e9<\/u><\/strong><\/h2><p>Dans la mesure maximale permise par la loi applicable, nous excluons toutes les repr\u00e9sentations, garanties et conditions relatives \u00e0 notre site Web et \u00e0 l&rsquo;utilisation de ce site Web. Rien dans cette clause de non-responsabilit\u00e9 ne :<\/p><p>Limite ou exclut notre ou votre responsabilit\u00e9 en cas de d\u00e9c\u00e8s ou de blessure corporelle ;<\/p><p>Limite ou exclut notre ou votre responsabilit\u00e9 en cas de fraude ou de fausse d\u00e9claration frauduleuse ;<\/p><p>Limite l\u2019une de nos ou vos responsabilit\u00e9s d\u2019une mani\u00e8re qui n\u2019est pas autoris\u00e9e par la loi applicable ;<\/p><p>Exclut l\u2019une quelconque de nos responsabilit\u00e9s ou des v\u00f4tres qui ne peuvent \u00eatre exclues en vertu de la loi applicable.<\/p><p>Les limitations et interdictions de responsabilit\u00e9 \u00e9nonc\u00e9es dans la pr\u00e9sente section et ailleurs dans la pr\u00e9sente clause de non-responsabilit\u00e9 :<\/p><p>(a) sont soumises au paragraphe<\/p>\t\t\t\t\t\t\t\t<\/div>\n\t\t\t\t\t<\/div>\n\t\t\t\t<\/div>\n\t\t\t\t<\/div>\n\t\t","protected":false},"excerpt":{"rendered":"<p>Politique de confidentialit\u00e9 Ces termes et conditions d\u00e9crivent les r\u00e8gles et r\u00e9glementations relatives \u00e0 l&rsquo;utilisation du site Web de Ruliz, situ\u00e9 \u00e0 l&rsquo;adresse https:\/\/ruliz.fr. En acc\u00e9dant \u00e0 ce site, nous supposons que vous acceptez ces termes et conditions. Ne continuez pas \u00e0 utiliser ruliz.fr si vous n&rsquo;acceptez pas tous les termes et conditions \u00e9nonc\u00e9s sur [&hellip;]<\/p>\n","protected":false},"author":1,"featured_media":0,"parent":0,"menu_order":0,"comment_status":"closed","ping_status":"closed","template":"elementor_header_footer","meta":{"_monsterinsights_skip_tracking":false,"_monsterinsights_sitenote_active":false,"_monsterinsights_sitenote_note":"","_monsterinsights_sitenote_category":0,"footnotes":""},"class_list":["post-2806","page","type-page","status-publish","hentry"],"aioseo_notices":[],"_links":{"self":[{"href":"https:\/\/ruliz.fr\/index.php\/wp-json\/wp\/v2\/pages\/2806","targetHints":{"allow":["GET"]}}],"collection":[{"href":"https:\/\/ruliz.fr\/index.php\/wp-json\/wp\/v2\/pages"}],"about":[{"href":"https:\/\/ruliz.fr\/index.php\/wp-json\/wp\/v2\/types\/page"}],"author":[{"embeddable":true,"href":"https:\/\/ruliz.fr\/index.php\/wp-json\/wp\/v2\/users\/1"}],"replies":[{"embeddable":true,"href":"https:\/\/ruliz.fr\/index.php\/wp-json\/wp\/v2\/comments?post=2806"}],"version-history":[{"count":3,"href":"https:\/\/ruliz.fr\/index.php\/wp-json\/wp\/v2\/pages\/2806\/revisions"}],"predecessor-version":[{"id":5848,"href":"https:\/\/ruliz.fr\/index.php\/wp-json\/wp\/v2\/pages\/2806\/revisions\/5848"}],"wp:attachment":[{"href":"https:\/\/ruliz.fr\/index.php\/wp-json\/wp\/v2\/media?parent=2806"}],"curies":[{"name":"wp","href":"https:\/\/api.w.org\/{rel}","templated":true}]}}