{"id":3932,"date":"2025-01-06T05:24:53","date_gmt":"2025-01-06T05:24:53","guid":{"rendered":"http:\/\/aplio-wp-dark.pixels71.com\/?page_id=3932"},"modified":"2025-09-11T09:20:37","modified_gmt":"2025-09-11T09:20:37","slug":"blog-ruliz","status":"publish","type":"page","link":"https:\/\/ruliz.fr\/index.php\/blog-ruliz\/","title":{"rendered":"BLOG RULIZ"},"content":{"rendered":"\t\t<div data-elementor-type=\"wp-page\" data-elementor-id=\"3932\" class=\"elementor elementor-3932\" data-elementor-post-type=\"page\">\n\t\t\t\t<div class=\"elementor-element elementor-element-375eece e-flex e-con-boxed e-con e-parent\" data-id=\"375eece\" data-element_type=\"container\" data-settings=\"{&quot;background_background&quot;:&quot;classic&quot;}\">\n\t\t\t\t\t<div class=\"e-con-inner\">\n\t\t<div class=\"elementor-element elementor-element-34c2f25 e-con-full e-flex e-con e-child\" data-id=\"34c2f25\" data-element_type=\"container\">\n\t\t<div class=\"elementor-element elementor-element-0749e80 e-con-full e-flex elementor-invisible e-con e-child\" data-id=\"0749e80\" data-element_type=\"container\" data-settings=\"{&quot;animation&quot;:&quot;fadeInUp&quot;}\">\n\t\t\t\t<div class=\"elementor-element elementor-element-108b26a elementor-widget__width-initial elementor-invisible elementor-widget elementor-widget-heading\" data-id=\"108b26a\" data-element_type=\"widget\" data-settings=\"{&quot;_animation&quot;:&quot;slideInUp&quot;}\" data-widget_type=\"heading.default\">\n\t\t\t\t\t<h2 class=\"elementor-heading-title elementor-size-default\">Blog  <br>Conseils et astuces<\/h2>\t\t\t\t<\/div>\n\t\t\t\t<\/div>\n\t\t<div class=\"elementor-element elementor-element-ca184da e-con-full e-flex e-con e-child\" data-id=\"ca184da\" data-element_type=\"container\" data-settings=\"{&quot;background_background&quot;:&quot;classic&quot;}\">\n\t\t\t\t<div class=\"elementor-element elementor-element-9ccbf4e elementor-widget elementor-widget-aplio-blog\" data-id=\"9ccbf4e\" data-element_type=\"widget\" data-widget_type=\"aplio-blog.default\">\n\t\t\t\t<div class=\"elementor-widget-container\">\n\t\t\t\t\t\n<div class=\" !pb-20 md:!px-6 swiper \" id=\"blog-feature\" >\n    <div class=\"swiper-wrapper\">\n                            <article class=\"bg-white dark:bg-dark-200 rounded-medium p-2.5 swiper-slide shadow-nav\">\n                        <div class=\"border border-dashed rounded border-gray-100 dark:border-borderColour-dark p-6 max-md:p-4\">\n                            <div class=\"grid grid-cols-2 max-md:grid-cols-1 max-md:gap-y-5 gap-12 items-center\">\n                                <img fetchpriority=\"high\" decoding=\"async\" width=\"300\" height=\"200\" src=\"https:\/\/ruliz.fr\/wp-content\/uploads\/2025\/07\/image.png\" class=\"w-full rounded-lg max-md:object-cover max-md:object-center max-md:h-[350px] wp-post-image\" alt=\"service logo\" srcset=\"https:\/\/ruliz.fr\/wp-content\/uploads\/2025\/07\/image.png 1536w, https:\/\/ruliz.fr\/wp-content\/uploads\/2025\/07\/image-300x200.png 300w\" sizes=\"(max-width: 300px) 100vw, 300px\" \/>    \n                                <div class=\"\">\n                                    <div class=\"aplio-blog-categories category_style__\">\n                                        <a href=\"https:\/\/ruliz.fr\/index.php\/category\/avis-google\/\" class=\"cat_item badge\">Avis Google<\/a>                                    <\/div>                                             \n                                    <a href=\"https:\/\/ruliz.fr\/index.php\/2025\/07\/07\/comment-obtenir-plus-davis-google-pour-votre-restaurant\/\" class=\"block\">\n                                        <h3 class=\"mb-3 font-semibold leading-[1.33] title_style__\">Comment obtenir plus d\u2019avis Google pour votre restaurant<\/h3>\n                                    <\/a>\n                                    <div class=\"flex gap-x-2 items-center mb-4 \">\n                                        <p class=\"author_style__\">admin<\/p>\n                                        <span>\n                                            <svg\n                                                xmlns=\"http:\/\/www.w3.org\/2000\/svg\"\n                                                width=\"5\"\n                                                height=\"6\"\n                                                viewBox=\"0 0 5 6\"\n                                                fill=\"none\"\n                                                >\n                                                <circle\n                                                    cx=\"2.5\"\n                                                    cy=\"3\"\n                                                    r=\"2.5\"\n                                                    fill=\"\"\n                                                    class=\"fill-[#D8DBD0] dark:fill-[#3B3C39]\"\n                                                    \/>\n                                            <\/svg>\n                                        <\/span>\n                                        <p class=\"date_style__\">juillet 7, 2025<\/p>\n                                    <\/div>\n                                    <p class=\"mb-6 content_style__\">Dans un monde num\u00e9rique, la r\u00e9putation en ligne est tr\u00e8s\u2026<\/p>\n                                <\/div>\n                            <\/div>\n                        <\/div>\n                    <\/article>\n                    <\/div>\n    <div class=\"swiper-pagination mt-12\"><\/div>\n<\/div>\t\t\t\t<\/div>\n\t\t\t\t<\/div>\n\t\t\t\t<\/div>\n\t\t\t\t<\/div>\n\t\t\t\t\t<\/div>\n\t\t\t\t<\/div>\n\t\t<div class=\"elementor-element elementor-element-31ae760 e-flex e-con-boxed e-con e-parent\" data-id=\"31ae760\" data-element_type=\"container\" data-settings=\"{&quot;background_background&quot;:&quot;classic&quot;}\">\n\t\t\t\t\t<div class=\"e-con-inner\">\n\t\t<div class=\"elementor-element elementor-element-872e432 e-con-full e-flex e-con e-child\" data-id=\"872e432\" data-element_type=\"container\">\n\t\t<div class=\"elementor-element elementor-element-e8c90ad e-con-full e-flex e-con e-child\" data-id=\"e8c90ad\" data-element_type=\"container\">\n\t\t\t\t<div class=\"elementor-element elementor-element-f3c8d03 elementor-widget elementor-widget-heading\" data-id=\"f3c8d03\" data-element_type=\"widget\" data-widget_type=\"heading.default\">\n\t\t\t\t\t<p class=\"elementor-heading-title elementor-size-default\">Tips and Tricks<\/p>\t\t\t\t<\/div>\n\t\t\t\t<div class=\"elementor-element elementor-element-7ddea2c elementor-widget__width-initial elementor-widget elementor-widget-heading\" data-id=\"7ddea2c\" data-element_type=\"widget\" data-widget_type=\"heading.default\">\n\t\t\t\t\t<h2 class=\"elementor-heading-title elementor-size-default\">Our recent news &amp; insights<\/h2>\t\t\t\t<\/div>\n\t\t\t\t<\/div>\n\t\t<div class=\"elementor-element elementor-element-82f1bc1 e-con-full e-flex e-con e-child\" data-id=\"82f1bc1\" data-element_type=\"container\">\n\t\t\t\t<div class=\"elementor-element elementor-element-0713866 elementor-widget elementor-widget-aplio-blog\" data-id=\"0713866\" data-element_type=\"widget\" data-widget_type=\"aplio-blog.default\">\n\t\t\t\t<div class=\"elementor-widget-container\">\n\t\t\t\t\t<div class=\"container relative\">\n    <div class=\"relative z-10\">\n        <div class=\" grid grid-cols-3 max-md:grid-cols-1 max-lg:grid-cols-2 gap-8\">\n                                    <article class=\"bg-white dark:bg-dark-200 rounded-medium p-2.5 shadow-nav blog_item__ scale-100 hover:scale-105 transition-transform duration-500 hover:transition-transform hover:duration-500\">\n                            <div class=\"border border-dashed rounded border-gray-100 dark:border-borderColour-dark p-6 max-md:p-4\">\n                                <img decoding=\"async\" width=\"300\" height=\"200\" src=\"https:\/\/ruliz.fr\/wp-content\/uploads\/2025\/07\/image.png\" class=\"mb-6 w-full rounded-md wp-post-image\" alt=\"service logo\" srcset=\"https:\/\/ruliz.fr\/wp-content\/uploads\/2025\/07\/image.png 1536w, https:\/\/ruliz.fr\/wp-content\/uploads\/2025\/07\/image-300x200.png 300w\" sizes=\"(max-width: 300px) 100vw, 300px\" \/>                                <div>\n                                    <div class=\"aplio-blog-categories category_style__\">\n                                        <a href=\"https:\/\/ruliz.fr\/index.php\/category\/avis-google\/\" class=\"cat_item badge\">Avis Google<\/a>                                    <\/div>\n                                    <a href=\"https:\/\/ruliz.fr\/index.php\/2025\/07\/07\/comment-obtenir-plus-davis-google-pour-votre-restaurant\/\" class=\"block\">\n                                        <h3 class=\"mb-3 font-semibold leading-[1.33] title_style__\">Comment obtenir plus d\u2019avis Google pour votre restaurant<\/h3>\n                                    <\/a>\n                                    <div class=\"flex gap-x-2 items-center mb-4 \">\n                                        <p class=\"author_style__\">admin<\/p>\n                                        <span>\n                                            <svg xmlns=\"http:\/\/www.w3.org\/2000\/svg\" width=\"5\" height=\"6\" viewBox=\"0 0 5 6\" fill=\"none\">\n                                                <circle cx=\"2.5\" cy=\"3\" r=\"2.5\" fill=\"\" class=\"fill-[#D8DBD0] dark:fill-[#3B3C39]\" \/>\n                                            <\/svg>\n                                        <\/span>\n                                        <p class=\"date_style__\">juillet 7, 2025<\/p>\n                                    <\/div>\n                                    <p class=\"content_style__\">Dans un monde num\u00e9rique, la r\u00e9putation en ligne est tr\u00e8s\u2026<\/p>\n                                <\/div>\n                            <\/div>\n                        <\/article>\n                            <\/div>\n    <\/div>\n<\/div><div class=\"mt-16\"><div class=\"pagination flex items-center max-md:justify-center gap-2 pagination-wrapper\"> <\/div><\/div>\t\t\t\t<\/div>\n\t\t\t\t<\/div>\n\t\t\t\t<\/div>\n\t\t\t\t<\/div>\n\t\t\t\t\t<\/div>\n\t\t\t\t<\/div>\n\t\t\t\t<\/div>\n\t\t","protected":false},"excerpt":{"rendered":"<p>Blog Conseils et astuces Avis Google Comment obtenir plus d\u2019avis Google pour votre restaurant admin juillet 7, 2025 Dans un monde num\u00e9rique, la r\u00e9putation en ligne est tr\u00e8s\u2026 Tips and Tricks Our recent news &amp; insights Avis Google Comment obtenir plus d\u2019avis Google pour votre restaurant admin juillet 7, 2025 Dans un monde num\u00e9rique, la [&hellip;]<\/p>\n","protected":false},"author":1,"featured_media":0,"parent":0,"menu_order":0,"comment_status":"closed","ping_status":"closed","template":"elementor_header_footer","meta":{"_monsterinsights_skip_tracking":false,"_monsterinsights_sitenote_active":false,"_monsterinsights_sitenote_note":"","_monsterinsights_sitenote_category":0,"footnotes":""},"class_list":["post-3932","page","type-page","status-publish","hentry"],"aioseo_notices":[],"_links":{"self":[{"href":"https:\/\/ruliz.fr\/index.php\/wp-json\/wp\/v2\/pages\/3932","targetHints":{"allow":["GET"]}}],"collection":[{"href":"https:\/\/ruliz.fr\/index.php\/wp-json\/wp\/v2\/pages"}],"about":[{"href":"https:\/\/ruliz.fr\/index.php\/wp-json\/wp\/v2\/types\/page"}],"author":[{"embeddable":true,"href":"https:\/\/ruliz.fr\/index.php\/wp-json\/wp\/v2\/users\/1"}],"replies":[{"embeddable":true,"href":"https:\/\/ruliz.fr\/index.php\/wp-json\/wp\/v2\/comments?post=3932"}],"version-history":[{"count":5,"href":"https:\/\/ruliz.fr\/index.php\/wp-json\/wp\/v2\/pages\/3932\/revisions"}],"predecessor-version":[{"id":6183,"href":"https:\/\/ruliz.fr\/index.php\/wp-json\/wp\/v2\/pages\/3932\/revisions\/6183"}],"wp:attachment":[{"href":"https:\/\/ruliz.fr\/index.php\/wp-json\/wp\/v2\/media?parent=3932"}],"curies":[{"name":"wp","href":"https:\/\/api.w.org\/{rel}","templated":true}]}}